{"id":1501,"date":"2025-05-27T15:42:50","date_gmt":"2025-05-27T13:42:50","guid":{"rendered":"https:\/\/www.kanguroo-event.fr\/sports-leagues-and-clubs\/"},"modified":"2025-12-17T17:08:42","modified_gmt":"2025-12-17T16:08:42","slug":"sports-leagues-and-clubs","status":"publish","type":"page","link":"https:\/\/www.kanguroo-event.fr\/en\/sports-leagues-and-clubs\/","title":{"rendered":"Sports Leagues and Clubs"},"content":{"rendered":"\n<div class=\"wp-block-getwid-section getwid-anim fadeInUpShort getwid-section-content-full-width\" data-wow-duration=\"1500ms\" data-wow-delay=\"200ms\"><div class=\"wp-block-getwid-section__wrapper getwid-padding-left-none getwid-padding-right-none\"><div class=\"wp-block-getwid-section__inner-wrapper\"><div class=\"wp-block-getwid-section__background-holder\"><div class=\"wp-block-getwid-section__background\"><\/div><div class=\"wp-block-getwid-section__foreground\"><\/div><\/div><div class=\"wp-block-getwid-section__content\"><div class=\"wp-block-getwid-section__inner-content\">\n<div class=\"wp-block-getwid-section\"><div class=\"wp-block-getwid-section__wrapper getwid-padding-mobile-left-none getwid-padding-mobile-right-none\"><div class=\"wp-block-getwid-section__inner-wrapper\"><div class=\"wp-block-getwid-section__background-holder\"><div class=\"wp-block-getwid-section__background\"><\/div><div class=\"wp-block-getwid-section__foreground\"><\/div><\/div><div class=\"wp-block-getwid-section__content\"><div class=\"wp-block-getwid-section__inner-content\">\n<div class=\"wp-block-columns are-vertically-aligned-bottom column-gap-60 is-layout-flex wp-container-core-columns-is-layout-9d6595d7 wp-block-columns-is-layout-flex\">\n<div class=\"wp-block-column is-vertically-aligned-bottom is-layout-flow wp-block-column-is-layout-flow\">\n<div class=\"wp-block-getwid-section\"><div class=\"wp-block-getwid-section__wrapper\"><div class=\"wp-block-getwid-section__inner-wrapper\"><div class=\"wp-block-getwid-section__background-holder\"><div class=\"wp-block-getwid-section__background\"><\/div><div class=\"wp-block-getwid-section__foreground\"><\/div><\/div><div class=\"wp-block-getwid-section__content\"><div class=\"wp-block-getwid-section__inner-content\">\n<h2 class=\"wp-block-heading deco-8-h-pink\">THE SOLUTION FOR YOUR PROTOCOL INVITATIONS<\/h2>\n<\/div><\/div><\/div><\/div><\/div>\n\n\n\n<div class=\"wp-block-getwid-section deco-8-section-down-pink\"><div class=\"wp-block-getwid-section__wrapper getwid-padding-top-large getwid-padding-bottom-large getwid-padding-left-large getwid-padding-right-large getwid-padding-mobile-top-medium getwid-padding-mobile-bottom-medium getwid-padding-mobile-left-medium getwid-padding-mobile-right-medium\"><div class=\"wp-block-getwid-section__inner-wrapper\"><div class=\"wp-block-getwid-section__background-holder\"><div class=\"wp-block-getwid-section__background has-background has-white-background-color\"><\/div><div class=\"wp-block-getwid-section__foreground\"><\/div><\/div><div class=\"wp-block-getwid-section__content\"><div class=\"wp-block-getwid-section__inner-content\">\n<p>With Kanguroo, each guest receives a personalized invitation, tailored to their status (VIP, officials, partners, sponsors, staff, etc.) and language.<\/p>\n\n\n\n<p>The content, visuals, as well as the displayed program and response form, are automatically adjusted based on the recipient\u2019s profile.<\/p>\n\n\n\n<p>You can thus:<\/p>\n\n\n\n<ul class=\"wp-block-list\">\n<li>Provide targeted information based on guest categories,<\/li>\n\n\n\n<li>Display specific options or access rights according to each person\u2019s permissions,<\/li>\n\n\n\n<li>Track responses and registration progress in real time,<\/li>\n\n\n\n<li>Schedule automatic reminders to maximize attendance.<\/li>\n\n\n\n<li>Customize elements based on language.<\/li>\n<\/ul>\n\n\n\n<p>A smooth and professional solution that saves you time while enhancing the event\u2019s image.<\/p>\n\n\n\n<div class=\"wp-block-buttons is-layout-flex wp-block-buttons-is-layout-flex\">\n<div class=\"wp-block-button\"><a class=\"wp-block-button__link wp-element-button\" href=\"https:\/\/www.kanguroo-event.fr\/en\/contact\/\">Learn more<\/a><\/div>\n<\/div>\n<\/div><\/div><\/div><\/div><\/div>\n<\/div>\n\n\n\n<div class=\"wp-block-column is-vertically-aligned-bottom is-layout-flow wp-block-column-is-layout-flow\">\n<figure class=\"wp-block-image alignfull size-full mb-0\"><img decoding=\"async\" src=\"https:\/\/www.kanguroo-event.fr\/wp-content\/uploads\/2025\/06\/sport-1.svg\" alt=\"Sports Event Management Solution\" class=\"wp-image-607\"\/><\/figure>\n<\/div>\n<\/div>\n\n\n\n<div style=\"height:100px\" aria-hidden=\"true\" class=\"wp-block-spacer\"><\/div>\n\n\n\n<div class=\"wp-block-columns column-gap-60 is-layout-flex wp-container-core-columns-is-layout-9d6595d7 wp-block-columns-is-layout-flex\">\n<div class=\"wp-block-column is-vertically-aligned-bottom order-2 order-xl-1 is-layout-flow wp-block-column-is-layout-flow\">\n<figure class=\"wp-block-image alignfull size-full mb-0\"><img decoding=\"async\" src=\"https:\/\/www.kanguroo-event.fr\/wp-content\/uploads\/2025\/06\/check-in-performant.svg\" alt=\"Check-in application for a smooth welcome\" class=\"wp-image-1034\"\/><\/figure>\n<\/div>\n\n\n\n<div class=\"wp-block-column is-vertically-aligned-center order-1 order-xl-2 is-layout-flow wp-block-column-is-layout-flow\">\n<div style=\"height:100px\" aria-hidden=\"true\" class=\"wp-block-spacer\"><\/div>\n\n\n\n<div class=\"wp-block-getwid-section\"><div class=\"wp-block-getwid-section__wrapper\"><div class=\"wp-block-getwid-section__inner-wrapper\"><div class=\"wp-block-getwid-section__background-holder\"><div class=\"wp-block-getwid-section__background\"><\/div><div class=\"wp-block-getwid-section__foreground\"><\/div><\/div><div class=\"wp-block-getwid-section__content\"><div class=\"wp-block-getwid-section__inner-content\">\n<h2 class=\"wp-block-heading deco-8-h-pink\">A high-performance check-in application for a smooth and secure welcome. <\/h2>\n<\/div><\/div><\/div><\/div><\/div>\n\n\n\n<div class=\"wp-block-getwid-section deco-8-section-down-pink\"><div class=\"wp-block-getwid-section__wrapper getwid-padding-top-large getwid-padding-bottom-large getwid-padding-left-large getwid-padding-right-large getwid-padding-mobile-top-medium getwid-padding-mobile-bottom-medium getwid-padding-mobile-left-medium getwid-padding-mobile-right-medium\"><div class=\"wp-block-getwid-section__inner-wrapper\"><div class=\"wp-block-getwid-section__background-holder\"><div class=\"wp-block-getwid-section__background has-background has-white-background-color\"><\/div><div class=\"wp-block-getwid-section__foreground\"><\/div><\/div><div class=\"wp-block-getwid-section__content\"><div class=\"wp-block-getwid-section__inner-content\">\n<p>The Kanguroo check-in application allows you to manage arrivals smoothly from any access point at your event.<\/p>\n\n\n\n<ul class=\"wp-block-list\">\n<li>QR code scanning or name search using an ultra-fast search engine, even with large volumes.<\/li>\n<\/ul>\n\n\n\n<ul class=\"wp-block-list\">\n<li>Add participants in real time from the application to handle last-minute changes.<\/li>\n<\/ul>\n\n\n\n<ul class=\"wp-block-list\">\n<li>Personalized access to different areas: partner lounges, boxes, presidential stands, official zones\u2026 each checkpoint can filter according to each guest\u2019s access rights.<\/li>\n<\/ul>\n\n\n\n<ul class=\"wp-block-list\">\n<li>Real-time synchronization with the central database for instant tracking of arrivals.<\/li>\n<\/ul>\n\n\n\n<p>Whether it\u2019s a gala evening or a final, you provide your guests with a smooth, professional, and frictionless welcome experience, while maintaining full control over the flow.<\/p>\n\n\n\n<div class=\"wp-block-buttons is-layout-flex wp-block-buttons-is-layout-flex\">\n<div class=\"wp-block-button\"><a class=\"wp-block-button__link wp-element-button\" href=\"https:\/\/www.kanguroo-event.fr\/en\/contact\/\">Learn more<\/a><\/div>\n<\/div>\n\n\n\n<div style=\"height:100px\" aria-hidden=\"true\" class=\"wp-block-spacer\"><\/div>\n<\/div><\/div><\/div><\/div><\/div>\n<\/div>\n<\/div>\n\n\n\n<div style=\"height:100px\" aria-hidden=\"true\" class=\"wp-block-spacer\"><\/div>\n\n\n\n<div class=\"wp-block-columns column-gap-60 is-layout-flex wp-container-core-columns-is-layout-9d6595d7 wp-block-columns-is-layout-flex\">\n<div class=\"wp-block-column is-vertically-aligned-center is-layout-flow wp-block-column-is-layout-flow\">\n<div class=\"wp-block-getwid-section\"><div class=\"wp-block-getwid-section__wrapper\"><div class=\"wp-block-getwid-section__inner-wrapper\"><div class=\"wp-block-getwid-section__background-holder\"><div class=\"wp-block-getwid-section__background\"><\/div><div class=\"wp-block-getwid-section__foreground\"><\/div><\/div><div class=\"wp-block-getwid-section__content\"><div class=\"wp-block-getwid-section__inner-content\">\n<h2 class=\"wp-block-heading deco-8-h-pink\">MANAGE YOUR GUESTS\u2019 SEATING\u2026 UP TO THE LAST MINUTE  <\/h2>\n<\/div><\/div><\/div><\/div><\/div>\n\n\n\n<div class=\"wp-block-getwid-section deco-8-section-down-pink\"><div class=\"wp-block-getwid-section__wrapper getwid-padding-top-large getwid-padding-bottom-large getwid-padding-left-large getwid-padding-right-large getwid-padding-mobile-top-medium getwid-padding-mobile-bottom-medium getwid-padding-mobile-left-medium getwid-padding-mobile-right-medium\"><div class=\"wp-block-getwid-section__inner-wrapper\"><div class=\"wp-block-getwid-section__background-holder\"><div class=\"wp-block-getwid-section__background has-background has-white-background-color\"><\/div><div class=\"wp-block-getwid-section__foreground\"><\/div><\/div><div class=\"wp-block-getwid-section__content\"><div class=\"wp-block-getwid-section__inner-content\">\n<p><strong>With our integrated seating tool, you can design your spaces (stands, dining halls, boxes, VIP lounges, etc.) and easily assign guests based on their profile, access rights, or your organizational constraints.<\/strong><\/p>\n\n\n\n<p>Customizable layouts: Create your plans (tables, rows, zones\u2026) directly within the platform, customize numbering, and assign colors to seats.<br\/>Real-time modifications: Adjust seating arrangements up to the last minute, based on cancellations or last-minute confirmations.<\/p>\n\n\n\n<p>Check-in connection: Seating information is automatically synced with the attendance app, allowing your hostesses and welcome teams to place each VIP in the correct spot without errors.<br\/>Live tracking: See on your plan who has arrived, who is still expected, and adjust your logistics in real time if needed.<\/p>\n\n\n\n<p>An intuitive and powerful tool to ensure a smooth and premium experience for your guests, while maintaining full control over your protocol and hospitality arrangements.<\/p>\n\n\n\n<div class=\"wp-block-buttons is-layout-flex wp-block-buttons-is-layout-flex\">\n<div class=\"wp-block-button\"><a class=\"wp-block-button__link wp-element-button\" href=\"https:\/\/www.kanguroo-event.fr\/en\/contact\/\">Learn more<\/a><\/div>\n<\/div>\n<\/div><\/div><\/div><\/div><\/div>\n<\/div>\n\n\n\n<div class=\"wp-block-column is-vertically-aligned-bottom is-layout-flow wp-block-column-is-layout-flow\">\n<figure class=\"wp-block-image alignfull size-full mb-0\"><img decoding=\"async\" src=\"https:\/\/www.kanguroo-event.fr\/wp-content\/uploads\/2025\/06\/gestion-placement.svg\" alt=\"Manage seating arrangements at your events\" class=\"wp-image-1035\"\/><\/figure>\n<\/div>\n<\/div>\n\n\n\n<div style=\"height:100px\" aria-hidden=\"true\" class=\"wp-block-spacer\"><\/div>\n\n\n\n<div class=\"wp-block-columns column-gap-60 is-layout-flex wp-container-core-columns-is-layout-9d6595d7 wp-block-columns-is-layout-flex\">\n<div class=\"wp-block-column is-vertically-aligned-bottom order-2 order-xl-1 is-layout-flow wp-block-column-is-layout-flow\">\n<figure class=\"wp-block-image alignfull size-full mb-0\"><img decoding=\"async\" src=\"https:\/\/www.kanguroo-event.fr\/wp-content\/uploads\/2025\/06\/gestion-billetterie.svg\" alt=\"Event management tool with ticketing\" class=\"wp-image-1036\"\/><\/figure>\n<\/div>\n\n\n\n<div class=\"wp-block-column is-vertically-aligned-bottom order-1 order-xl-2 is-layout-flow wp-block-column-is-layout-flow\">\n<div class=\"wp-block-getwid-section\"><div class=\"wp-block-getwid-section__wrapper\"><div class=\"wp-block-getwid-section__inner-wrapper\"><div class=\"wp-block-getwid-section__background-holder\"><div class=\"wp-block-getwid-section__background\"><\/div><div class=\"wp-block-getwid-section__foreground\"><\/div><\/div><div class=\"wp-block-getwid-section__content\"><div class=\"wp-block-getwid-section__inner-content\">\n<h2 class=\"wp-block-heading deco-8-h-pink\">MANAGE YOUR TICKETING DIRECTLY IN KANGUROO<\/h2>\n<\/div><\/div><\/div><\/div><\/div>\n\n\n\n<div class=\"wp-block-getwid-section deco-8-section-down-pink\"><div class=\"wp-block-getwid-section__wrapper getwid-padding-top-large getwid-padding-bottom-large getwid-padding-left-large getwid-padding-right-large getwid-padding-mobile-top-medium getwid-padding-mobile-bottom-medium getwid-padding-mobile-left-medium getwid-padding-mobile-right-medium\"><div class=\"wp-block-getwid-section__inner-wrapper\"><div class=\"wp-block-getwid-section__background-holder\"><div class=\"wp-block-getwid-section__background has-background has-white-background-color\"><\/div><div class=\"wp-block-getwid-section__foreground\"><\/div><\/div><div class=\"wp-block-getwid-section__content\"><div class=\"wp-block-getwid-section__inner-content\">\n<p>Kanguroo includes a complete ticketing solution, ideal for your events such as galas or partner evenings.<br\/>For paid events, you can use online payment (via credit card, with no need for a VAD contract) and automatically send tickets to participants.<\/p>\n\n\n\n<p>For events in stands or boxes, Kanguroo also allows you to distribute stadium tickets directly from the platform. You can import e-tickets provided by your ticketing partner and assign them to each guest in a personalized way. <\/p>\n\n\n\n<p>A simple and seamless way to centralize distribution, prevent errors, and ensure a premium experience for your participants\u2014from the first click to the scan at the entrance of the venue.<\/p>\n\n\n\n<div class=\"wp-block-buttons is-layout-flex wp-block-buttons-is-layout-flex\">\n<div class=\"wp-block-button\"><a class=\"wp-block-button__link wp-element-button\" href=\"https:\/\/www.kanguroo-event.fr\/en\/contact\/\">Learn more<\/a><\/div>\n<\/div>\n<\/div><\/div><\/div><\/div><\/div>\n<\/div>\n<\/div>\n\n\n\n<div style=\"height:100px\" aria-hidden=\"true\" class=\"wp-block-spacer\"><\/div>\n\n\n\n<div class=\"wp-block-columns column-gap-60 is-layout-flex wp-container-core-columns-is-layout-9d6595d7 wp-block-columns-is-layout-flex\">\n<div class=\"wp-block-column is-vertically-aligned-center is-layout-flow wp-block-column-is-layout-flow\">\n<div class=\"wp-block-getwid-section\"><div class=\"wp-block-getwid-section__wrapper\"><div class=\"wp-block-getwid-section__inner-wrapper\"><div class=\"wp-block-getwid-section__background-holder\"><div class=\"wp-block-getwid-section__background\"><\/div><div class=\"wp-block-getwid-section__foreground\"><\/div><\/div><div class=\"wp-block-getwid-section__content\"><div class=\"wp-block-getwid-section__inner-content\">\n<h2 class=\"wp-block-heading deco-8-h-pink\">MANAGE YOUR PARTNERS\u2019 QUOTAS<\/h2>\n<\/div><\/div><\/div><\/div><\/div>\n\n\n\n<div class=\"wp-block-getwid-section deco-8-section-down-pink\"><div class=\"wp-block-getwid-section__wrapper getwid-padding-top-large getwid-padding-bottom-large getwid-padding-left-large getwid-padding-right-large getwid-padding-mobile-top-medium getwid-padding-mobile-bottom-medium getwid-padding-mobile-left-medium getwid-padding-mobile-right-medium\"><div class=\"wp-block-getwid-section__inner-wrapper\"><div class=\"wp-block-getwid-section__background-holder\"><div class=\"wp-block-getwid-section__background has-background has-white-background-color\"><\/div><div class=\"wp-block-getwid-section__foreground\"><\/div><\/div><div class=\"wp-block-getwid-section__content\"><div class=\"wp-block-getwid-section__inner-content\">\n<p>Kanguroo simplifies the management of protocol seating at your sporting events by allowing you to allocate seat quotas to your partners. With personalized access to the platform, each partner can: <\/p>\n\n\n\n<ul class=\"wp-block-list\">\n<li>Add their guests online themselves,<\/li>\n\n\n\n<li>Send personalized invitations in just a few clicks,<\/li>\n\n\n\n<li>Retrieve their tickets and parking access<\/li>\n<\/ul>\n\n\n\n<p>At the same time, you retain real-time visibility over each partner\u2019s use of quotas and each service.<br\/>This solution ensures smooth organization, full control over the allocation of protocol seats, and easier collaboration with all your institutional partners or sponsors.<br\/><\/p>\n\n\n\n<div class=\"wp-block-buttons is-layout-flex wp-block-buttons-is-layout-flex\">\n<div class=\"wp-block-button\"><a class=\"wp-block-button__link wp-element-button\" href=\"https:\/\/www.kanguroo-event.fr\/en\/contact\/\">Learn more<\/a><\/div>\n<\/div>\n<\/div><\/div><\/div><\/div><\/div>\n<\/div>\n\n\n\n<div class=\"wp-block-column is-vertically-aligned-bottom is-layout-flow wp-block-column-is-layout-flow\">\n<figure class=\"wp-block-image alignfull size-full mb-0 is-style-default\"><img decoding=\"async\" src=\"https:\/\/www.kanguroo-event.fr\/wp-content\/uploads\/2025\/07\/illus_quotas-partenaires.svg\" alt=\"Management of partners&#x2019; protocol seating\" class=\"wp-image-1255\"\/><\/figure>\n<\/div>\n<\/div>\n\n\n\n<div style=\"height:100px\" aria-hidden=\"true\" class=\"wp-block-spacer\"><\/div>\n<\/div><\/div><\/div><\/div><\/div>\n<\/div><\/div><\/div><\/div><\/div>\n","protected":false},"excerpt":{"rendered":"","protected":false},"author":1,"featured_media":1506,"parent":0,"menu_order":0,"comment_status":"closed","ping_status":"closed","template":"","meta":{"_editorskit_title_hidden":false,"_editorskit_reading_time":0,"_editorskit_is_block_options_detached":false,"_editorskit_block_options_position":"{}","footnotes":""},"class_list":["post-1501","page","type-page","status-publish","has-post-thumbnail","hentry"],"yoast_head":"<!-- This site is optimized with the Yoast SEO plugin v27.5 - https:\/\/yoast.com\/product\/yoast-seo-wordpress\/ -->\n<title>Kanguroo, Event Management Tool \u2013 Sports Leagues and Clubs<\/title>\n<meta name=\"description\" content=\"Kanguroo, plateforme de gestion \u00e9v\u00e9nementielle, solution pour les invitations protocolaires des ligues, f\u00e9d\u00e9rations et clubs sportifs.\" \/>\n<meta name=\"robots\" content=\"index, follow, max-snippet:-1, max-image-preview:large, max-video-preview:-1\" \/>\n<link rel=\"canonical\" href=\"https:\/\/www.kanguroo-event.fr\/en\/sports-leagues-and-clubs\/\" \/>\n<meta property=\"og:locale\" content=\"en_US\" \/>\n<meta property=\"og:type\" content=\"article\" \/>\n<meta property=\"og:title\" content=\"Kanguroo, Event Management Tool \u2013 Sports Leagues and Clubs\" \/>\n<meta property=\"og:description\" content=\"Kanguroo, plateforme de gestion \u00e9v\u00e9nementielle, solution pour les invitations protocolaires des ligues, f\u00e9d\u00e9rations et clubs sportifs.\" \/>\n<meta property=\"og:url\" content=\"https:\/\/www.kanguroo-event.fr\/en\/sports-leagues-and-clubs\/\" \/>\n<meta property=\"og:site_name\" content=\"Kanguroo-event\" \/>\n<meta property=\"article:modified_time\" content=\"2025-12-17T16:08:42+00:00\" \/>\n<meta property=\"og:image\" content=\"https:\/\/www.kanguroo-event.fr\/wp-content\/uploads\/2025\/07\/photo-bg-sport.jpg\" \/>\n\t<meta property=\"og:image:width\" content=\"1443\" \/>\n\t<meta property=\"og:image:height\" content=\"621\" \/>\n\t<meta property=\"og:image:type\" content=\"image\/jpeg\" \/>\n<meta name=\"twitter:card\" content=\"summary_large_image\" \/>\n<meta name=\"twitter:label1\" content=\"Est. reading time\" \/>\n\t<meta name=\"twitter:data1\" content=\"5 minutes\" \/>\n<script type=\"application\/ld+json\" class=\"yoast-schema-graph\">{\"@context\":\"https:\\\/\\\/schema.org\",\"@graph\":[{\"@type\":\"WebPage\",\"@id\":\"https:\\\/\\\/www.kanguroo-event.fr\\\/en\\\/sports-leagues-and-clubs\\\/\",\"url\":\"https:\\\/\\\/www.kanguroo-event.fr\\\/en\\\/sports-leagues-and-clubs\\\/\",\"name\":\"Kanguroo, Event Management Tool \u2013 Sports Leagues and Clubs\",\"isPartOf\":{\"@id\":\"https:\\\/\\\/www.kanguroo-event.fr\\\/en\\\/#website\"},\"primaryImageOfPage\":{\"@id\":\"https:\\\/\\\/www.kanguroo-event.fr\\\/en\\\/sports-leagues-and-clubs\\\/#primaryimage\"},\"image\":{\"@id\":\"https:\\\/\\\/www.kanguroo-event.fr\\\/en\\\/sports-leagues-and-clubs\\\/#primaryimage\"},\"thumbnailUrl\":\"https:\\\/\\\/www.kanguroo-event.fr\\\/wp-content\\\/uploads\\\/2025\\\/07\\\/photo-bg-sport.jpg\",\"datePublished\":\"2025-05-27T13:42:50+00:00\",\"dateModified\":\"2025-12-17T16:08:42+00:00\",\"description\":\"Kanguroo, plateforme de gestion \u00e9v\u00e9nementielle, solution pour les invitations protocolaires des ligues, f\u00e9d\u00e9rations et clubs sportifs.\",\"breadcrumb\":{\"@id\":\"https:\\\/\\\/www.kanguroo-event.fr\\\/en\\\/sports-leagues-and-clubs\\\/#breadcrumb\"},\"inLanguage\":\"en-US\",\"potentialAction\":[{\"@type\":\"ReadAction\",\"target\":[\"https:\\\/\\\/www.kanguroo-event.fr\\\/en\\\/sports-leagues-and-clubs\\\/\"]}]},{\"@type\":\"ImageObject\",\"inLanguage\":\"en-US\",\"@id\":\"https:\\\/\\\/www.kanguroo-event.fr\\\/en\\\/sports-leagues-and-clubs\\\/#primaryimage\",\"url\":\"https:\\\/\\\/www.kanguroo-event.fr\\\/wp-content\\\/uploads\\\/2025\\\/07\\\/photo-bg-sport.jpg\",\"contentUrl\":\"https:\\\/\\\/www.kanguroo-event.fr\\\/wp-content\\\/uploads\\\/2025\\\/07\\\/photo-bg-sport.jpg\",\"width\":1443,\"height\":621},{\"@type\":\"BreadcrumbList\",\"@id\":\"https:\\\/\\\/www.kanguroo-event.fr\\\/en\\\/sports-leagues-and-clubs\\\/#breadcrumb\",\"itemListElement\":[{\"@type\":\"ListItem\",\"position\":1,\"name\":\"Accueil\",\"item\":\"https:\\\/\\\/www.kanguroo-event.fr\\\/en\\\/\"},{\"@type\":\"ListItem\",\"position\":2,\"name\":\"Sports Leagues and Clubs\"}]},{\"@type\":\"WebSite\",\"@id\":\"https:\\\/\\\/www.kanguroo-event.fr\\\/en\\\/#website\",\"url\":\"https:\\\/\\\/www.kanguroo-event.fr\\\/en\\\/\",\"name\":\"Kanguroo-event\",\"description\":\"\",\"potentialAction\":[{\"@type\":\"SearchAction\",\"target\":{\"@type\":\"EntryPoint\",\"urlTemplate\":\"https:\\\/\\\/www.kanguroo-event.fr\\\/en\\\/?s={search_term_string}\"},\"query-input\":{\"@type\":\"PropertyValueSpecification\",\"valueRequired\":true,\"valueName\":\"search_term_string\"}}],\"inLanguage\":\"en-US\"}]}<\/script>\n<!-- \/ Yoast SEO plugin. -->","yoast_head_json":{"title":"Kanguroo, Event Management Tool \u2013 Sports Leagues and Clubs","description":"Kanguroo, plateforme de gestion \u00e9v\u00e9nementielle, solution pour les invitations protocolaires des ligues, f\u00e9d\u00e9rations et clubs sportifs.","robots":{"index":"index","follow":"follow","max-snippet":"max-snippet:-1","max-image-preview":"max-image-preview:large","max-video-preview":"max-video-preview:-1"},"canonical":"https:\/\/www.kanguroo-event.fr\/en\/sports-leagues-and-clubs\/","og_locale":"en_US","og_type":"article","og_title":"Kanguroo, Event Management Tool \u2013 Sports Leagues and Clubs","og_description":"Kanguroo, plateforme de gestion \u00e9v\u00e9nementielle, solution pour les invitations protocolaires des ligues, f\u00e9d\u00e9rations et clubs sportifs.","og_url":"https:\/\/www.kanguroo-event.fr\/en\/sports-leagues-and-clubs\/","og_site_name":"Kanguroo-event","article_modified_time":"2025-12-17T16:08:42+00:00","og_image":[{"width":1443,"height":621,"url":"https:\/\/www.kanguroo-event.fr\/wp-content\/uploads\/2025\/07\/photo-bg-sport.jpg","type":"image\/jpeg"}],"twitter_card":"summary_large_image","twitter_misc":{"Est. reading time":"5 minutes"},"schema":{"@context":"https:\/\/schema.org","@graph":[{"@type":"WebPage","@id":"https:\/\/www.kanguroo-event.fr\/en\/sports-leagues-and-clubs\/","url":"https:\/\/www.kanguroo-event.fr\/en\/sports-leagues-and-clubs\/","name":"Kanguroo, Event Management Tool \u2013 Sports Leagues and Clubs","isPartOf":{"@id":"https:\/\/www.kanguroo-event.fr\/en\/#website"},"primaryImageOfPage":{"@id":"https:\/\/www.kanguroo-event.fr\/en\/sports-leagues-and-clubs\/#primaryimage"},"image":{"@id":"https:\/\/www.kanguroo-event.fr\/en\/sports-leagues-and-clubs\/#primaryimage"},"thumbnailUrl":"https:\/\/www.kanguroo-event.fr\/wp-content\/uploads\/2025\/07\/photo-bg-sport.jpg","datePublished":"2025-05-27T13:42:50+00:00","dateModified":"2025-12-17T16:08:42+00:00","description":"Kanguroo, plateforme de gestion \u00e9v\u00e9nementielle, solution pour les invitations protocolaires des ligues, f\u00e9d\u00e9rations et clubs sportifs.","breadcrumb":{"@id":"https:\/\/www.kanguroo-event.fr\/en\/sports-leagues-and-clubs\/#breadcrumb"},"inLanguage":"en-US","potentialAction":[{"@type":"ReadAction","target":["https:\/\/www.kanguroo-event.fr\/en\/sports-leagues-and-clubs\/"]}]},{"@type":"ImageObject","inLanguage":"en-US","@id":"https:\/\/www.kanguroo-event.fr\/en\/sports-leagues-and-clubs\/#primaryimage","url":"https:\/\/www.kanguroo-event.fr\/wp-content\/uploads\/2025\/07\/photo-bg-sport.jpg","contentUrl":"https:\/\/www.kanguroo-event.fr\/wp-content\/uploads\/2025\/07\/photo-bg-sport.jpg","width":1443,"height":621},{"@type":"BreadcrumbList","@id":"https:\/\/www.kanguroo-event.fr\/en\/sports-leagues-and-clubs\/#breadcrumb","itemListElement":[{"@type":"ListItem","position":1,"name":"Accueil","item":"https:\/\/www.kanguroo-event.fr\/en\/"},{"@type":"ListItem","position":2,"name":"Sports Leagues and Clubs"}]},{"@type":"WebSite","@id":"https:\/\/www.kanguroo-event.fr\/en\/#website","url":"https:\/\/www.kanguroo-event.fr\/en\/","name":"Kanguroo-event","description":"","potentialAction":[{"@type":"SearchAction","target":{"@type":"EntryPoint","urlTemplate":"https:\/\/www.kanguroo-event.fr\/en\/?s={search_term_string}"},"query-input":{"@type":"PropertyValueSpecification","valueRequired":true,"valueName":"search_term_string"}}],"inLanguage":"en-US"}]}},"_links":{"self":[{"href":"https:\/\/www.kanguroo-event.fr\/en\/wp-json\/wp\/v2\/pages\/1501","targetHints":{"allow":["GET"]}}],"collection":[{"href":"https:\/\/www.kanguroo-event.fr\/en\/wp-json\/wp\/v2\/pages"}],"about":[{"href":"https:\/\/www.kanguroo-event.fr\/en\/wp-json\/wp\/v2\/types\/page"}],"author":[{"embeddable":true,"href":"https:\/\/www.kanguroo-event.fr\/en\/wp-json\/wp\/v2\/users\/1"}],"replies":[{"embeddable":true,"href":"https:\/\/www.kanguroo-event.fr\/en\/wp-json\/wp\/v2\/comments?post=1501"}],"version-history":[{"count":1,"href":"https:\/\/www.kanguroo-event.fr\/en\/wp-json\/wp\/v2\/pages\/1501\/revisions"}],"predecessor-version":[{"id":1507,"href":"https:\/\/www.kanguroo-event.fr\/en\/wp-json\/wp\/v2\/pages\/1501\/revisions\/1507"}],"wp:featuredmedia":[{"embeddable":true,"href":"https:\/\/www.kanguroo-event.fr\/en\/wp-json\/wp\/v2\/media\/1506"}],"wp:attachment":[{"href":"https:\/\/www.kanguroo-event.fr\/en\/wp-json\/wp\/v2\/media?parent=1501"}],"curies":[{"name":"wp","href":"https:\/\/api.w.org\/{rel}","templated":true}]}}